{"id":482,"date":"2026-01-19T17:51:17","date_gmt":"2026-01-19T20:51:17","guid":{"rendered":"https:\/\/redescom.net.br\/?page_id=482"},"modified":"2026-01-19T20:04:46","modified_gmt":"2026-01-19T23:04:46","slug":"servicos","status":"publish","type":"page","link":"https:\/\/redescom.net.br\/?page_id=482","title":{"rendered":"Servi\u00e7os"},"content":{"rendered":"\t\t<div data-elementor-type=\"wp-page\" data-elementor-id=\"482\" class=\"elementor elementor-482\" data-elementor-post-type=\"page\">\n\t\t\t\t<div class=\"elementor-element elementor-element-4259cf52 e-flex e-con-boxed e-con e-parent\" data-id=\"4259cf52\" data-element_type=\"container\">\n\t\t\t\t\t<div class=\"e-con-inner\">\n\t\t<div class=\"elementor-element elementor-element-2a2e448 e-con-full e-flex e-con e-child\" data-id=\"2a2e448\" data-element_type=\"container\">\n\t\t<div class=\"elementor-element elementor-element-7e9bb24 e-con-full e-flex e-con e-child\" data-id=\"7e9bb24\" data-element_type=\"container\">\n\t\t\t\t<div class=\"elementor-element elementor-element-1a52886e elementor-widget__width-initial elementor-widget elementor-widget-image\" data-id=\"1a52886e\" data-element_type=\"widget\" data-widget_type=\"image.default\">\n\t\t\t\t<div class=\"elementor-widget-container\">\n\t\t\t\t\t\t\t\t\t\t\t\t\t\t\t\t<a href=\"https:\/\/redescom.net.br\">\n\t\t\t\t\t\t\t<img fetchpriority=\"high\" decoding=\"async\" width=\"1024\" height=\"270\" src=\"https:\/\/redescom.net.br\/wp-content\/uploads\/2024\/12\/logo-redescom-brasil-final-New.png\" class=\"attachment-large size-large wp-image-63\" alt=\"\" \/>\t\t\t\t\t\t\t\t<\/a>\n\t\t\t\t\t\t\t\t\t\t\t\t\t\t\t<\/div>\n\t\t\t\t<\/div>\n\t\t\t\t<\/div>\n\t\t<div class=\"elementor-element elementor-element-61c75de2 e-con-full e-flex e-con e-child\" data-id=\"61c75de2\" data-element_type=\"container\">\n\t\t\t\t<div class=\"elementor-element elementor-element-4007fdb1 elementor-widget elementor-widget-text-editor\" data-id=\"4007fdb1\" data-element_type=\"widget\" data-widget_type=\"text-editor.default\">\n\t\t\t\t<div class=\"elementor-widget-container\">\n\t\t\t\t\t\t\t\t\t<p><a href=\"https:\/\/redescom.net.br\">INICIO<\/a>\u00a0 \u00a0 \u00a0 \u00a0 \u00a0\u00a0<a href=\"#2\">SERVI\u00c7OS\u00a0<\/a> \u00a0 \u00a0 \u00a0 \u00a0 <a href=\"#3\">PARCEIROS<\/a>\u00a0 \u00a0 \u00a0 \u00a0 \u00a0 <a href=\"#4\">BLOG\u00a0<\/a> \u00a0 \u00a0 \u00a0 \u00a0 <a href=\"#4\">CONTATO<\/a>\u00a0 \u00a0 \u00a0 \u00a0 \u00a0<\/p>\t\t\t\t\t\t\t\t<\/div>\n\t\t\t\t<\/div>\n\t\t\t\t<\/div>\n\t\t\t\t<\/div>\n\t\t\t\t\t<\/div>\n\t\t\t\t<\/div>\n\t\t<div class=\"elementor-element elementor-element-090775c e-grid e-con-boxed e-con e-parent\" data-id=\"090775c\" data-element_type=\"container\">\n\t\t\t\t\t<div class=\"e-con-inner\">\n\t\t\t\t<div class=\"elementor-element elementor-element-f2be7da elementor-widget elementor-widget-image\" data-id=\"f2be7da\" data-element_type=\"widget\" data-widget_type=\"image.default\">\n\t\t\t\t<div class=\"elementor-widget-container\">\n\t\t\t\t\t\t\t\t\t\t\t\t\t\t\t<img decoding=\"async\" src=\"https:\/\/redescom.net.br\/wp-content\/uploads\/2024\/12\/IMG_20161005_120340-e1735621238649.jpg\" title=\"dav\" alt=\"dav\" loading=\"lazy\" \/>\t\t\t\t\t\t\t\t\t\t\t\t\t\t\t<\/div>\n\t\t\t\t<\/div>\n\t\t\t\t<div class=\"elementor-element elementor-element-5ef0d10 elementor-widget elementor-widget-text-editor\" data-id=\"5ef0d10\" data-element_type=\"widget\" data-widget_type=\"text-editor.default\">\n\t\t\t\t<div class=\"elementor-widget-container\">\n\t\t\t\t\t\t\t\t\t<h1><span style=\"font-size: 38.4px;\"><b>Infraestrutura tecnol\u00f3gica<\/b><\/span><\/h1><p>A infraestrutura \u00e9 fundamental para conectar diversos setores: produ\u00e7\u00e3o, cadeias de suprimentos, funcion\u00e1rios, fornecedores, clientes e comunidades. Imagine maximizar seu neg\u00f3cio digital: o potencial da nuvem, novas tecnologias de rede e o gerenciamento de um n\u00famero ilimitado de fun\u00e7\u00f5es.<\/p><p>Capacitamos gestores de infraestrutura e suas equipes por meio de diversos processos, governan\u00e7a, especialistas em tecnologia, infraestrutura de automa\u00e7\u00e3o, monitoramento e ciberseguran\u00e7a para transformar seu neg\u00f3cio de forma segura e eficiente. Apoiamos empresas digitais em sua evolu\u00e7\u00e3o com uma infraestrutura inovadora.<\/p>\t\t\t\t\t\t\t\t<\/div>\n\t\t\t\t<\/div>\n\t\t\t\t<div class=\"elementor-element elementor-element-95e4736 elementor-widget elementor-widget-text-editor\" data-id=\"95e4736\" data-element_type=\"widget\" data-widget_type=\"text-editor.default\">\n\t\t\t\t<div class=\"elementor-widget-container\">\n\t\t\t\t\t\t\t\t\t<h1>\u00a0<\/h1><h2><span class=\"inner\">Servi\u00e7os<\/span>\u00a0<span class=\"inner\">de<\/span>\u00a0<span class=\"inner\">Seguran\u00e7a<\/span>\u00a0<span class=\"inner\">da<\/span>\u00a0<span class=\"inner\">Informa\u00e7\u00e3o<\/span><\/h2><p>REDESCOM \u00e9 uma empresa especializada em fornecimento de solu\u00e7\u00f5es e presta\u00e7\u00e3o de servi\u00e7os oferecendo Suporte e Consultoria em Tecnologia da Informa\u00e7\u00e3o, com o objetivo de apoiar, colaborar e propor as melhores solu\u00e7\u00f5es tecnol\u00f3gicas da atualidade para nossos clientes. Nossos especialistas s\u00e3o experientes e est\u00e3o comprometidos em entregar valor mensur\u00e1vel, projetando solu\u00e7\u00f5es sob medida para atender os objetivos dos nossos clientes.<\/p>\t\t\t\t\t\t\t\t<\/div>\n\t\t\t\t<\/div>\n\t\t\t\t<div class=\"elementor-element elementor-element-84c261b elementor-widget elementor-widget-image\" data-id=\"84c261b\" data-element_type=\"widget\" data-widget_type=\"image.default\">\n\t\t\t\t<div class=\"elementor-widget-container\">\n\t\t\t\t\t\t\t\t\t\t\t\t\t\t\t<img decoding=\"async\" width=\"300\" height=\"249\" src=\"https:\/\/redescom.net.br\/wp-content\/uploads\/2026\/01\/home_servinfo-300x249.png\" class=\"attachment-medium size-medium wp-image-494\" alt=\"\" srcset=\"https:\/\/redescom.net.br\/wp-content\/uploads\/2026\/01\/home_servinfo-300x249.png 300w, https:\/\/redescom.net.br\/wp-content\/uploads\/2026\/01\/home_servinfo.png 725w\" sizes=\"(max-width: 300px) 100vw, 300px\" \/>\t\t\t\t\t\t\t\t\t\t\t\t\t\t\t<\/div>\n\t\t\t\t<\/div>\n\t\t\t\t<div class=\"elementor-element elementor-element-bacb1fa elementor-widget elementor-widget-text-editor\" data-id=\"bacb1fa\" data-element_type=\"widget\" data-widget_type=\"text-editor.default\">\n\t\t\t\t<div class=\"elementor-widget-container\">\n\t\t\t\t\t\t\t\t\t<h2>Links de r\u00e1dio<\/h2><p>Os enlaces de r\u00e1dio estabelecem qualquer interconex\u00e3o entre terminais de telecomunica\u00e7\u00f5es utilizando ondas eletromagn\u00e9ticas em um sistema de comunica\u00e7\u00e3o duplex, onde duas portadoras moduladas devem ser transmitidas: uma para transmiss\u00e3o e outra para recep\u00e7\u00e3o. Esses enlaces s\u00e3o estabelecidos principalmente entre pontos com sinal vis\u00edvel, ou seja, pontos elevados no terreno.<\/p><p>Independentemente do tamanho do sistema de micro-ondas, para o funcionamento adequado, os percursos entre os enlaces devem ter espa\u00e7o livre suficiente para a propaga\u00e7\u00e3o ao longo do ano, levando em considera\u00e7\u00e3o as varia\u00e7\u00f5es nas condi\u00e7\u00f5es atmosf\u00e9ricas da regi\u00e3o.<\/p>\t\t\t\t\t\t\t\t<\/div>\n\t\t\t\t<\/div>\n\t\t\t\t<div class=\"elementor-element elementor-element-255e6f7 elementor-widget elementor-widget-image\" data-id=\"255e6f7\" data-element_type=\"widget\" data-widget_type=\"image.default\">\n\t\t\t\t<div class=\"elementor-widget-container\">\n\t\t\t\t\t\t\t\t\t\t\t\t\t\t\t<img decoding=\"async\" src=\"https:\/\/redescom.net.br\/wp-content\/uploads\/2026\/01\/Montagem-de-Fotos-Casal-Branco-Bege-Preto-e-Verde.png\" title=\"Montagem de Fotos Casal Branco Bege Preto e Verde\" alt=\"Montagem de Fotos Casal Branco Bege Preto e Verde\" loading=\"lazy\" \/>\t\t\t\t\t\t\t\t\t\t\t\t\t\t\t<\/div>\n\t\t\t\t<\/div>\n\t\t\t\t\t<\/div>\n\t\t\t\t<\/div>\n\t\t<div class=\"elementor-element elementor-element-568d62f0 e-flex e-con-boxed e-con e-parent\" data-id=\"568d62f0\" data-element_type=\"container\" data-settings=\"{&quot;background_background&quot;:&quot;classic&quot;}\">\n\t\t\t\t\t<div class=\"e-con-inner\">\n\t\t<div class=\"elementor-element elementor-element-36ceb99 e-con-full e-flex e-con e-child\" data-id=\"36ceb99\" data-element_type=\"container\">\n\t\t<div class=\"elementor-element elementor-element-5d99296d e-con-full e-flex e-con e-child\" data-id=\"5d99296d\" data-element_type=\"container\">\n\t\t\t\t<div class=\"elementor-element elementor-element-21eaec1c elementor-widget elementor-widget-heading\" data-id=\"21eaec1c\" data-element_type=\"widget\" data-widget_type=\"heading.default\">\n\t\t\t\t<div class=\"elementor-widget-container\">\n\t\t\t\t\t<h4 class=\"elementor-heading-title elementor-size-default\">Uma empresa de tecnologia com diversas solu\u00e7\u00f5es em TI<\/h4>\t\t\t\t<\/div>\n\t\t\t\t<\/div>\n\t\t\t\t<div class=\"elementor-element elementor-element-fb8de99 elementor-icon-list--layout-traditional elementor-list-item-link-full_width elementor-widget elementor-widget-icon-list\" data-id=\"fb8de99\" data-element_type=\"widget\" data-widget_type=\"icon-list.default\">\n\t\t\t\t<div class=\"elementor-widget-container\">\n\t\t\t\t\t\t\t<ul class=\"elementor-icon-list-items\">\n\t\t\t\t\t\t\t<li class=\"elementor-icon-list-item\">\n\t\t\t\t\t\t\t\t\t\t\t<a href=\"mailto:contato@redescom.net.br?subject=Obrigado\">\n\n\t\t\t\t\t\t\t\t\t\t\t<span class=\"elementor-icon-list-text\"><\/span>\n\t\t\t\t\t\t\t\t\t\t\t<\/a>\n\t\t\t\t\t\t\t\t\t<\/li>\n\t\t\t\t\t\t<\/ul>\n\t\t\t\t\t\t<\/div>\n\t\t\t\t<\/div>\n\t\t\t\t<div class=\"elementor-element elementor-element-20920ffd elementor-widget__width-initial elementor-position-top elementor-widget elementor-widget-image-box\" data-id=\"20920ffd\" data-element_type=\"widget\" data-widget_type=\"image-box.default\">\n\t\t\t\t<div class=\"elementor-widget-container\">\n\t\t\t\t\t<div class=\"elementor-image-box-wrapper\"><figure class=\"elementor-image-box-img\"><img decoding=\"async\" width=\"180\" height=\"180\" src=\"https:\/\/redescom.net.br\/wp-content\/uploads\/2024\/12\/Logo-REDESCOM-1.png\" class=\"attachment-full size-full wp-image-11\" alt=\"\" \/><\/figure><div class=\"elementor-image-box-content\"><p class=\"elementor-image-box-description\">Somos uma empresa de tecnologia especializada em transformar ideias em realidade e facilitar a vida dos gestores. Com um time de especialistas seniores e experientes, buscamos sempre a forma mais eficiente de resolver problemas, tornando a sua vida muito mais f\u00e1cil.<\/p><\/div><\/div>\t\t\t\t<\/div>\n\t\t\t\t<\/div>\n\t\t\t\t<\/div>\n\t\t\t\t<\/div>\n\t\t<div class=\"elementor-element elementor-element-518e664b e-con-full e-flex e-con e-child\" data-id=\"518e664b\" data-element_type=\"container\">\n\t\t\t\t<div class=\"elementor-element elementor-element-6175141b elementor-widget elementor-widget-heading\" data-id=\"6175141b\" data-element_type=\"widget\" data-widget_type=\"heading.default\">\n\t\t\t\t<div class=\"elementor-widget-container\">\n\t\t\t\t\t<h4 class=\"elementor-heading-title elementor-size-default\">Redes sociales<\/h4>\t\t\t\t<\/div>\n\t\t\t\t<\/div>\n\t\t\t\t<div class=\"elementor-element elementor-element-306c0b5b e-grid-align-tablet-left e-grid-align-mobile-center elementor-shape-rounded elementor-grid-0 e-grid-align-center elementor-widget elementor-widget-social-icons\" data-id=\"306c0b5b\" data-element_type=\"widget\" data-widget_type=\"social-icons.default\">\n\t\t\t\t<div class=\"elementor-widget-container\">\n\t\t\t\t\t\t\t<div class=\"elementor-social-icons-wrapper elementor-grid\" role=\"list\">\n\t\t\t\t\t\t\t<span class=\"elementor-grid-item\" role=\"listitem\">\n\t\t\t\t\t<a class=\"elementor-icon elementor-social-icon elementor-social-icon-twitter elementor-repeater-item-828f132\" target=\"_blank\">\n\t\t\t\t\t\t<span class=\"elementor-screen-only\">Twitter<\/span>\n\t\t\t\t\t\t<svg aria-hidden=\"true\" class=\"e-font-icon-svg e-fab-twitter\" viewBox=\"0 0 512 512\" xmlns=\"http:\/\/www.w3.org\/2000\/svg\"><path d=\"M459.37 151.716c.325 4.548.325 9.097.325 13.645 0 138.72-105.583 298.558-298.558 298.558-59.452 0-114.68-17.219-161.137-47.106 8.447.974 16.568 1.299 25.34 1.299 49.055 0 94.213-16.568 130.274-44.832-46.132-.975-84.792-31.188-98.112-72.772 6.498.974 12.995 1.624 19.818 1.624 9.421 0 18.843-1.3 27.614-3.573-48.081-9.747-84.143-51.98-84.143-102.985v-1.299c13.969 7.797 30.214 12.67 47.431 13.319-28.264-18.843-46.781-51.005-46.781-87.391 0-19.492 5.197-37.36 14.294-52.954 51.655 63.675 129.3 105.258 216.365 109.807-1.624-7.797-2.599-15.918-2.599-24.04 0-57.828 46.782-104.934 104.934-104.934 30.213 0 57.502 12.67 76.67 33.137 23.715-4.548 46.456-13.32 66.599-25.34-7.798 24.366-24.366 44.833-46.132 57.827 21.117-2.273 41.584-8.122 60.426-16.243-14.292 20.791-32.161 39.308-52.628 54.253z\"><\/path><\/svg>\t\t\t\t\t<\/a>\n\t\t\t\t<\/span>\n\t\t\t\t\t\t\t<span class=\"elementor-grid-item\" role=\"listitem\">\n\t\t\t\t\t<a class=\"elementor-icon elementor-social-icon elementor-social-icon-youtube elementor-repeater-item-a067126\" target=\"_blank\">\n\t\t\t\t\t\t<span class=\"elementor-screen-only\">Youtube<\/span>\n\t\t\t\t\t\t<svg aria-hidden=\"true\" class=\"e-font-icon-svg e-fab-youtube\" viewBox=\"0 0 576 512\" xmlns=\"http:\/\/www.w3.org\/2000\/svg\"><path d=\"M549.655 124.083c-6.281-23.65-24.787-42.276-48.284-48.597C458.781 64 288 64 288 64S117.22 64 74.629 75.486c-23.497 6.322-42.003 24.947-48.284 48.597-11.412 42.867-11.412 132.305-11.412 132.305s0 89.438 11.412 132.305c6.281 23.65 24.787 41.5 48.284 47.821C117.22 448 288 448 288 448s170.78 0 213.371-11.486c23.497-6.321 42.003-24.171 48.284-47.821 11.412-42.867 11.412-132.305 11.412-132.305s0-89.438-11.412-132.305zm-317.51 213.508V175.185l142.739 81.205-142.739 81.201z\"><\/path><\/svg>\t\t\t\t\t<\/a>\n\t\t\t\t<\/span>\n\t\t\t\t\t\t\t<span class=\"elementor-grid-item\" role=\"listitem\">\n\t\t\t\t\t<a class=\"elementor-icon elementor-social-icon elementor-social-icon-facebook elementor-repeater-item-8ce8890\" href=\"https:\/\/web.facebook.com\/REDESCOMBRASIL\/\" target=\"_blank\">\n\t\t\t\t\t\t<span class=\"elementor-screen-only\">Facebook<\/span>\n\t\t\t\t\t\t<svg aria-hidden=\"true\" class=\"e-font-icon-svg e-fab-facebook\" viewBox=\"0 0 512 512\" xmlns=\"http:\/\/www.w3.org\/2000\/svg\"><path d=\"M504 256C504 119 393 8 256 8S8 119 8 256c0 123.78 90.69 226.38 209.25 245V327.69h-63V256h63v-54.64c0-62.15 37-96.48 93.67-96.48 27.14 0 55.52 4.84 55.52 4.84v61h-31.28c-30.8 0-40.41 19.12-40.41 38.73V256h68.78l-11 71.69h-57.78V501C413.31 482.38 504 379.78 504 256z\"><\/path><\/svg>\t\t\t\t\t<\/a>\n\t\t\t\t<\/span>\n\t\t\t\t\t<\/div>\n\t\t\t\t\t\t<\/div>\n\t\t\t\t<\/div>\n\t\t\t\t<\/div>\n\t\t<div class=\"elementor-element elementor-element-5a2e25e8 e-con-full e-flex e-con e-child\" data-id=\"5a2e25e8\" data-element_type=\"container\">\n\t\t\t\t<div class=\"elementor-element elementor-element-242dac87 elementor-widget elementor-widget-heading\" data-id=\"242dac87\" data-element_type=\"widget\" data-widget_type=\"heading.default\">\n\t\t\t\t<div class=\"elementor-widget-container\">\n\t\t\t\t\t<h4 class=\"elementor-heading-title elementor-size-default\">Entre em contato<\/h4>\t\t\t\t<\/div>\n\t\t\t\t<\/div>\n\t\t\t\t<div class=\"elementor-element elementor-element-38af246f elementor-icon-list--layout-traditional elementor-list-item-link-full_width elementor-widget elementor-widget-icon-list\" data-id=\"38af246f\" data-element_type=\"widget\" data-widget_type=\"icon-list.default\">\n\t\t\t\t<div class=\"elementor-widget-container\">\n\t\t\t\t\t\t\t<ul class=\"elementor-icon-list-items\">\n\t\t\t\t\t\t\t<li class=\"elementor-icon-list-item\">\n\t\t\t\t\t\t\t\t\t\t\t<a href=\"mailto:contato@redescom.net.br?subject=Obrigado\">\n\n\t\t\t\t\t\t\t\t\t\t\t<span class=\"elementor-icon-list-text\">E-mail: contato@redescom.net.br<\/span>\n\t\t\t\t\t\t\t\t\t\t\t<\/a>\n\t\t\t\t\t\t\t\t\t<\/li>\n\t\t\t\t\t\t\t\t<li class=\"elementor-icon-list-item\">\n\t\t\t\t\t\t\t\t\t\t\t<a href=\"tel:123-456-7890\">\n\n\t\t\t\t\t\t\t\t\t\t\t<span class=\"elementor-icon-list-text\">Telefone: +55 11 56712223<\/span>\n\t\t\t\t\t\t\t\t\t\t\t<\/a>\n\t\t\t\t\t\t\t\t\t<\/li>\n\t\t\t\t\t\t\t\t<li class=\"elementor-icon-list-item\">\n\t\t\t\t\t\t\t\t\t\t<span class=\"elementor-icon-list-text\">Endere\u00e7o: Av. Nove de Julho 556, Consola\u00e7\u00e3o S\u00e3o Paulo -<br>CEP 01312-000<\/span>\n\t\t\t\t\t\t\t\t\t<\/li>\n\t\t\t\t\t\t<\/ul>\n\t\t\t\t\t\t<\/div>\n\t\t\t\t<\/div>\n\t\t\t\t<\/div>\n\t\t<div class=\"elementor-element elementor-element-4ab27f66 e-con-full e-flex e-con e-child\" data-id=\"4ab27f66\" data-element_type=\"container\">\n\t\t\t\t<div class=\"elementor-element elementor-element-3c772dea elementor-widget elementor-widget-google_maps\" data-id=\"3c772dea\" data-element_type=\"widget\" data-widget_type=\"google_maps.default\">\n\t\t\t\t<div class=\"elementor-widget-container\">\n\t\t\t\t\t\t\t<div class=\"elementor-custom-embed\">\n\t\t\t<iframe loading=\"lazy\"\n\t\t\t\t\tsrc=\"https:\/\/maps.google.com\/maps?q=Av%20Nove%20de%20Julho%20556%2C%20consola%C3%A7%C3%A3o%20&#038;t=m&#038;z=15&#038;output=embed&#038;iwloc=near\"\n\t\t\t\t\ttitle=\"Av Nove de Julho 556, consola\u00e7\u00e3o \"\n\t\t\t\t\taria-label=\"Av Nove de Julho 556, consola\u00e7\u00e3o \"\n\t\t\t><\/iframe>\n\t\t<\/div>\n\t\t\t\t\t\t<\/div>\n\t\t\t\t<\/div>\n\t\t\t\t<\/div>\n\t\t\t\t\t<\/div>\n\t\t\t\t<\/div>\n\t\t<div class=\"elementor-element elementor-element-2be47507 e-flex e-con-boxed e-con e-parent\" data-id=\"2be47507\" data-element_type=\"container\" data-settings=\"{&quot;background_background&quot;:&quot;classic&quot;}\">\n\t\t\t\t\t<div class=\"e-con-inner\">\n\t\t\t\t<div class=\"elementor-element elementor-element-c692958 elementor-widget elementor-widget-heading\" data-id=\"c692958\" data-element_type=\"widget\" data-widget_type=\"heading.default\">\n\t\t\t\t<div class=\"elementor-widget-container\">\n\t\t\t\t\t<p class=\"elementor-heading-title elementor-size-default\">\u00a9 All Rights Reserved.<\/p>\t\t\t\t<\/div>\n\t\t\t\t<\/div>\n\t\t\t\t\t<\/div>\n\t\t\t\t<\/div>\n\t\t\t\t<\/div>\n\t\t","protected":false},"excerpt":{"rendered":"<p>INICIO\u00a0 \u00a0 \u00a0 \u00a0 \u00a0\u00a0SERVI\u00c7OS\u00a0 \u00a0 \u00a0 \u00a0 \u00a0 PARCEIROS\u00a0 \u00a0 \u00a0 \u00a0 \u00a0 BLOG\u00a0 \u00a0 \u00a0 \u00a0 \u00a0 CONTATO\u00a0 \u00a0 \u00a0 \u00a0 \u00a0 Infraestrutura tecnol\u00f3gica A infraestrutura \u00e9 fundamental para conectar diversos setores: produ\u00e7\u00e3o, cadeias de suprimentos, funcion\u00e1rios, fornecedores, clientes e comunidades. Imagine maximizar seu neg\u00f3cio digital: o potencial da nuvem, novas tecnologias de [&hellip;]<\/p>\n","protected":false},"author":1,"featured_media":0,"parent":0,"menu_order":0,"comment_status":"closed","ping_status":"closed","template":"elementor_canvas","meta":{"footnotes":""},"class_list":["post-482","page","type-page","status-publish","hentry"],"_links":{"self":[{"href":"https:\/\/redescom.net.br\/index.php?rest_route=\/wp\/v2\/pages\/482","targetHints":{"allow":["GET"]}}],"collection":[{"href":"https:\/\/redescom.net.br\/index.php?rest_route=\/wp\/v2\/pages"}],"about":[{"href":"https:\/\/redescom.net.br\/index.php?rest_route=\/wp\/v2\/types\/page"}],"author":[{"embeddable":true,"href":"https:\/\/redescom.net.br\/index.php?rest_route=\/wp\/v2\/users\/1"}],"replies":[{"embeddable":true,"href":"https:\/\/redescom.net.br\/index.php?rest_route=%2Fwp%2Fv2%2Fcomments&post=482"}],"version-history":[{"count":25,"href":"https:\/\/redescom.net.br\/index.php?rest_route=\/wp\/v2\/pages\/482\/revisions"}],"predecessor-version":[{"id":523,"href":"https:\/\/redescom.net.br\/index.php?rest_route=\/wp\/v2\/pages\/482\/revisions\/523"}],"wp:attachment":[{"href":"https:\/\/redescom.net.br\/index.php?rest_route=%2Fwp%2Fv2%2Fmedia&parent=482"}],"curies":[{"name":"wp","href":"https:\/\/api.w.org\/{rel}","templated":true}]}}